{"id":308,"date":"2018-09-04T13:27:50","date_gmt":"2018-09-04T11:27:50","guid":{"rendered":"http:\/\/photoclub-puyloubier.org\/?page_id=308"},"modified":"2018-09-14T12:15:47","modified_gmt":"2018-09-14T10:15:47","slug":"gerer-ses-images-avec-adobe-photoshop-lightroom","status":"publish","type":"page","link":"https:\/\/photoclub-puyloubier.org\/index.php\/gerer-ses-images-avec-adobe-photoshop-lightroom\/","title":{"rendered":"G\u00e9rer ses images avec Adobe Photoshop Lightroom"},"content":{"rendered":"<p>Lightroom est un logiciel assez complet qui permet de cataloguer, d\u00e9velopper les fichiers RAW, am\u00e9liorer les fichiers JPG, g\u00e9olocaliser vos clich\u00e9s, Pr\u00e9parer un livre pour publier vos photos, construire un diaporama, imprimer et publier vos photos sur un site web.<\/p>\n<p>C&#8217;est le logiciel que presque tous les photographes professionnels et amateurs avertis utilisent, en combinaison avec Photoshop ou un autre logiciel de traitement d&#8217;images.<\/p>\n<p style=\"text-align: center;\">T\u00e9l\u00e9charger les programmes de chaque stage au format PDF<br \/>\n<a href=\"http:\/\/photoclub-puyloubier.org\/wp-content\/uploads\/2018\/09\/Stage-Lightroom-\u2013-Niveau-I_Version-2.pdf\" target=\"_blank\" rel=\"noopener\"><strong>Lightroom Niveau I<\/strong><\/a><br \/>\n<a href=\"http:\/\/photoclub-puyloubier.org\/wp-content\/uploads\/2018\/09\/Stage-Lightroom-\u2013-Niveau-II_version-2.pdf\" target=\"_blank\" rel=\"noopener\"><strong>Lightroom Niveau II<\/strong><\/a><\/p>\n<p>Le stage se divise en deux niveaux occupant chacun une journ\u00e9e de 6 heures:<\/p>\n<h2>Stage Lightroom \u2013 Niveau I<\/h2>\n<p style=\"padding-left: 90px;\"><em>Dur\u00e9e: 6Hs<\/em><br \/>\n<em>Dates: Une journ\u00e9e (\u00e0 convenir avec les stagiaires) de 10h00 \u00e0 13h00 et de 14h00 \u00e0 17h00<\/em><br \/>\n<em>Nombre de participants: 3 maximum<\/em><br \/>\n<em>Tarifs: 1 stagiaire: 150,00 \u20ac + 5,00 \u20ac par stagiaire<\/em><br \/>\n<em>2 stagiaires: 135,00 \u20ac + 5,00 \u20ac par stagiaire<\/em><br \/>\n<em>3 stagiaires: 120,00 \u20ac + 5,00 \u20ac par stagiaire<\/em><\/p>\n<h3>Programme<\/h3>\n<ul>\n<li><strong>\u00c0 quoi sert Lightroom<\/strong><\/li>\n<li><strong>Les formats image<\/strong><\/li>\n<li><strong>Modules et fonctionnalit\u00e9s du logiciel<\/strong>\n<ul>\n<li>Biblioth\u00e8que<\/li>\n<li>D\u00e9veloppement<\/li>\n<li>Cartes (g\u00e9olocalisation)<\/li>\n<li>Livre photo<\/li>\n<li>Diaporama<\/li>\n<li>Impression<\/li>\n<li>Web<\/li>\n<li>Syst\u00e8me de fichiers<\/li>\n<li>Contr\u00f4le de l&#8217;image<\/li>\n<\/ul>\n<\/li>\n<li><strong>Choix de l&#8217;emplacement du dossier photos et du (des) catalogue(s)<\/strong><\/li>\n<li><strong>Importation de photos dans Lightroom<\/strong>\n<ul>\n<li>de la cam\u00e9ra<\/li>\n<li>d&#8217;un dossier du disque dur<\/li>\n<li>d&#8217;une cl\u00e9 USB<\/li>\n<\/ul>\n<\/li>\n<li><strong>Renommer, d\u00e9placer, effacer ou supprimer des photos, rechercher une photo<\/strong><\/li>\n<li><strong>D\u00e9veloppement rapide (module Biblioth\u00e8que)<\/strong><\/li>\n<li><strong>D\u00e9veloppement avanc\u00e9 (module D\u00e9veloppement): balance des blancs, exposition, contraste, \u00e9quilibre, ombres\/lumi\u00e8res, correction des couleurs, saturation, effets divers, traitement par lot (synchronisation)<\/strong><\/li>\n<li><strong>Exportation des images<\/strong>\n<ul>\n<li>pour impression<\/li>\n<li>pour laboratoire<\/li>\n<li>pour site web<\/li>\n<\/ul>\n<\/li>\n<li><strong>Optimisation et sauvegarde des catalogues<\/strong><\/li>\n<\/ul>\n<p>&nbsp;<\/p>\n<h2 class=\"western\" lang=\"fr-FR\">Stage Lightroom \u2013 Niveau II<\/h2>\n<p class=\"western\" lang=\"fr-FR\" style=\"padding-left: 90px;\"><em>Dur\u00e9e: 6Hs<\/em><br \/>\n<em>Dates: Une journ\u00e9e (\u00e0 convenir avec les stagiaires) de 10h00 \u00e0 13h00 et de 14h00 \u00e0 17h00<\/em><br \/>\n<em>Nombre de participants: 3 maximum<\/em><br \/>\n<em>Tarifs: 1 stagiaire: 150,00 \u20ac + 5,00 \u20ac par stagiaire<\/em><br \/>\n<em>2 stagiaires: 135,00 \u20ac + 5,00 \u20ac par stagiaire<\/em><br \/>\n<em>3 stagiaires: 120,00 \u20ac + 5,00 \u20ac par stagiaire<\/em><\/p>\n<h3 class=\"western\" lang=\"fr-FR\">Programme<\/h3>\n<ul>\n<li><strong>Pr\u00e9sentation des outils de retouche de base<\/strong>\n<ul>\n<li class=\"western\" lang=\"fr-FR\">recadrage<\/li>\n<li class=\"western\" lang=\"fr-FR\">correction de d\u00e9fauts<\/li>\n<li class=\"western\" lang=\"fr-FR\">correction des yeux rouges dus au flash<\/li>\n<li class=\"western\" lang=\"fr-FR\">filtre d\u00e9grad\u00e9<\/li>\n<li class=\"western\" lang=\"fr-FR\">filtre radial<\/li>\n<li class=\"western\" lang=\"fr-FR\">pinceau de retouche<\/li>\n<\/ul>\n<\/li>\n<\/ul>\n<ul>\n<li><strong>Modification d&#8217;une image<\/strong>\n<ul>\n<li class=\"western\" lang=\"fr-FR\">analyse de l&#8217;image \u00e0 d\u00e9velopper<\/li>\n<li class=\"western\" lang=\"fr-FR\">correction de l&#8217;image en appliquant les corrections pr\u00e9vues lors de l&#8217;analyse de l&#8217;image<\/li>\n<li class=\"western\" lang=\"fr-FR\">balance des blancs<\/li>\n<li class=\"western\" lang=\"fr-FR\">exposition<\/li>\n<li class=\"western\" lang=\"fr-FR\">contraste<\/li>\n<li class=\"western\" lang=\"fr-FR\">\u00e9quilibre ombres\/lumi\u00e8res<\/li>\n<li class=\"western\" lang=\"fr-FR\">clart\u00e9<\/li>\n<li class=\"western\" lang=\"fr-FR\">vibrance<\/li>\n<li class=\"western\" lang=\"fr-FR\">saturation<\/li>\n<li class=\"western\" lang=\"fr-FR\">Synchronisation des modifications sur plusieurs images (traitement par lot)<\/li>\n<\/ul>\n<\/li>\n<\/ul>\n<ul>\n<li><strong>Corrections s\u00e9lectives<\/strong>\n<ul>\n<li class=\"western\" lang=\"fr-FR\">recadrage et redressement de l&#8217;image<\/li>\n<li class=\"western\" lang=\"fr-FR\">suppression des d\u00e9fauts<\/li>\n<li class=\"western\" lang=\"fr-FR\">ajuster des zones de l&#8217;image avec le filtre d\u00e9grad\u00e9 ou le pinceau de retouche<\/li>\n<li class=\"western\" lang=\"fr-FR\">suppression du bruit dans les zones sombres<\/li>\n<li class=\"western\" lang=\"fr-FR\">effets de vignetage et de lumi\u00e8re d&#8217;appoint (filtre radial)<\/li>\n<\/ul>\n<\/li>\n<\/ul>\n<ul>\n<li class=\"western\" lang=\"fr-FR\"><strong>R\u00e9glages avanc\u00e9s<\/strong>\n<ul>\n<li class=\"western\" lang=\"fr-FR\">courbe des tonalit\u00e9s<\/li>\n<li class=\"western\" lang=\"fr-FR\">correction des couleurs<\/li>\n<li class=\"western\" lang=\"fr-FR\">conversion en noir et blanc<\/li>\n<li class=\"western\" lang=\"fr-FR\">bichromie<\/li>\n<li class=\"western\" lang=\"fr-FR\">accentuation et r\u00e9duction de bruit<\/li>\n<li class=\"western\" lang=\"fr-FR\">corrections de l&#8217;objectif<\/li>\n<li class=\"western\" lang=\"fr-FR\">vignetage apr\u00e8s recadrage et ajout de grain argentique<\/li>\n<li class=\"western\" lang=\"fr-FR\">calibrage de la cam\u00e9ra<\/li>\n<li class=\"western\" lang=\"fr-FR\">enregistrement et application de r\u00e9glages pr\u00e9d\u00e9finis<\/li>\n<li class=\"western\" lang=\"fr-FR\">historique des modifications apport\u00e9es \u00e0 l&#8217;image<\/li>\n<\/ul>\n<\/li>\n<\/ul>\n<ul>\n<li class=\"western\" lang=\"fr-FR\"><strong>G\u00e9olocalisation<\/strong><\/li>\n<\/ul>\n<ul>\n<li class=\"western\" lang=\"fr-FR\"><strong>Impression d&#8217;un livre<\/strong><\/li>\n<\/ul>\n<ul>\n<li><strong>R\u00e9alisation d&#8217;un diaporama<\/strong><\/li>\n<\/ul>\n<ul>\n<li><strong>Impression<\/strong>\n<ul>\n<li>photo individuelle (imprimante personnelle)<\/li>\n<li>planche contact<\/li>\n<li>ajouter un filigrane aux images<\/li>\n<li>pr\u00e9paration d&#8217;un fichier pour envoyer \u00e0 un laboratoire<\/li>\n<\/ul>\n<\/li>\n<\/ul>\n<ul>\n<li><strong>Cr\u00e9er une galerie web<\/strong><\/li>\n<\/ul>\n<h5><\/h5>\n<p style=\"text-align: center;\"><strong>Une question? \u00c9crivez-nous<\/strong> (voir adresse au bas de cette page)<\/p>\n","protected":false},"excerpt":{"rendered":"<p>Lightroom est un logiciel assez complet qui permet de cataloguer, d\u00e9velopper les fichiers RAW, am\u00e9liorer les fichiers JPG, g\u00e9olocaliser vos clich\u00e9s, Pr\u00e9parer un livre pour publier vos photos, construire un diaporama, imprimer et publier vos photos sur un site web&#8230;. <a href=\"https:\/\/photoclub-puyloubier.org\/index.php\/gerer-ses-images-avec-adobe-photoshop-lightroom\/\" class=\"read-more\">Lire la suite&#8230;<\/a><\/p>\n","protected":false},"author":1,"featured_media":0,"parent":0,"menu_order":0,"comment_status":"closed","ping_status":"closed","template":"","meta":[],"_links":{"self":[{"href":"https:\/\/photoclub-puyloubier.org\/index.php\/wp-json\/wp\/v2\/pages\/308"}],"collection":[{"href":"https:\/\/photoclub-puyloubier.org\/index.php\/wp-json\/wp\/v2\/pages"}],"about":[{"href":"https:\/\/photoclub-puyloubier.org\/index.php\/wp-json\/wp\/v2\/types\/page"}],"author":[{"embeddable":true,"href":"https:\/\/photoclub-puyloubier.org\/index.php\/wp-json\/wp\/v2\/users\/1"}],"replies":[{"embeddable":true,"href":"https:\/\/photoclub-puyloubier.org\/index.php\/wp-json\/wp\/v2\/comments?post=308"}],"version-history":[{"count":11,"href":"https:\/\/photoclub-puyloubier.org\/index.php\/wp-json\/wp\/v2\/pages\/308\/revisions"}],"predecessor-version":[{"id":382,"href":"https:\/\/photoclub-puyloubier.org\/index.php\/wp-json\/wp\/v2\/pages\/308\/revisions\/382"}],"wp:attachment":[{"href":"https:\/\/photoclub-puyloubier.org\/index.php\/wp-json\/wp\/v2\/media?parent=308"}],"curies":[{"name":"wp","href":"https:\/\/api.w.org\/{rel}","templated":true}]}}