{"id":320,"date":"2018-09-08T12:48:12","date_gmt":"2018-09-08T10:48:12","guid":{"rendered":"http:\/\/photoclub-puyloubier.org\/?page_id=320"},"modified":"2018-09-14T12:20:52","modified_gmt":"2018-09-14T10:20:52","slug":"initiation-a-la-photographie","status":"publish","type":"page","link":"https:\/\/photoclub-puyloubier.org\/index.php\/initiation-a-la-photographie\/","title":{"rendered":"Initiation \u00e0 la photographie (num\u00e9rique ou argentique)"},"content":{"rendered":"<p>Ce stage s&#8217;adresse aux personnes qui n&#8217;ont pas du tout ou tr\u00e8s peu de connaissances sur la photographie. Il d\u00e9crit les bases essentielles de la technique photographique en des termes simples, en s&#8217;appuyant sur des exemples clairs et faciles \u00e0 comprendre, et en se basant sur la pratique pour mieux assimiler les sujets trait\u00e9s.<\/p>\n<p style=\"text-align: center;\">T\u00e9l\u00e9charger le programmes du stage au format PDF<br \/>\n<strong><a href=\"http:\/\/photoclub-puyloubier.org\/wp-content\/uploads\/2018\/09\/stage-initiation.pdf\" target=\"_blank\" rel=\"noopener\">Initiation \u00e0 la photographie<\/a><\/strong><\/p>\n<p style=\"padding-left: 150px;\"><em><strong>Niveau du stage\u00a0<\/strong>: D\u00e9butants<\/em><br \/>\n<em><strong>Dur\u00e9e<\/strong>: 6Hs<\/em><br \/>\n<em><strong>Dates<\/strong>: Une journ\u00e9e (\u00e0 convenir avec les stagiaires) de 10h00 \u00e0 13h00 et de 14h00 \u00e0 17h00<\/em><br \/>\n<em><strong>Nombre de participants<\/strong>: 3 maximum<\/em><br \/>\n<em><strong>Tarifs<\/strong>:<br \/>\n1 stagiaire: 150,00 \u20ac + 5,00 \u20ac par stagiaire<\/em><br \/>\n<em>2 stagiaires: 135,00 \u20ac + 5,00 \u20ac par stagiaire<\/em><br \/>\n<em>3 stagiaires: 120,00 \u20ac + 5,00 \u20ac par stagiaire<\/em><br \/>\n<em><strong>Mat\u00e9riel n\u00e9cessaire\u00a0<\/strong>:<\/em><br \/>\n<em>&#8211; Un appareil photo num\u00e9rique (APN) d\u00e9livrant des fichiers de 10 \u00e0 12 m\u00e9gapixels minimum (*)<\/em><br \/>\n<em>&#8211; De pr\u00e9f\u00e9rence r\u00e9flex avec un objectif standard, ou \u00e0 d\u00e9faut compact ou hybride avec d\u00e9brayage des automatismes et enregistrement des fichiers photos au format RAW (NEF pour Nikon,\u00a0\u00a0\u00a0 CR2 pour Canon, PEF pour Pentax, DNG pour d\u2019autres marques) (*)<\/em><br \/>\n<em>&#8211; Carnet de notes<\/em><\/p>\n<p style=\"padding-left: 150px;\">(*) Si vous ne poss\u00e9dez pas un appareil photo num\u00e9rique de ces caract\u00e9ristiques, le Photo Club peut en mettre un \u00e0 votre diposition pendant la dur\u00e9e du stage.<\/p>\n<h3>Programme<\/h3>\n<h4>L\u2019appareil photo et ses r\u00e9glages<\/h4>\n<ul>\n<li>Ouverture du diaphragme<\/li>\n<li>Vitesse d\u2019obturation<\/li>\n<li>Sensibilit\u00e9 (ISO, IL, EV)<\/li>\n<li>Temp\u00e9rature de couleur (K: degr\u00e9s Kelvin)<\/li>\n<li>Modes automatiques<\/li>\n<li>Modes semi-automatiques<\/li>\n<\/ul>\n<h4>Le choix des r\u00e9glages et leur effet sur l\u2019image obtenue<\/h4>\n<ul>\n<li>Le diaphragme contr\u00f4le la profondeur de champ<\/li>\n<li>La vitesse d\u2019obturation influe sur le mouvement (mouvement fig\u00e9, fil\u00e9, flou, flou de boug\u00e9)<\/li>\n<li>La sensibilit\u00e9 influe sur le couple diaphragme\/ouverture<\/li>\n<li>Sensibilit\u00e9 et bruit num\u00e9rique (ou grain argentique)<\/li>\n<li>La temp\u00e9rature de couleur et ses effets sur l\u2019image\u00a0: couleurs \u00ab\u00a0vraies\u00a0\u00bb, couleurs \u00abdistorsionn\u00e9es\u00bb<\/li>\n<\/ul>\n<h4>L\u2019exposition<\/h4>\n<ul>\n<li>Compromis entre sensibilit\u00e9, ouverture de diaphragme et vitesse d\u2019obturation<\/li>\n<li>Mesure de l\u2019exposition avec un posem\u00e8tre: Mesure r\u00e9fl\u00e9chie, mesure incidente.<\/li>\n<li>Mesure de l\u2019exposition avec un appareil photo\u00a0: mesure spot, mesure matricielle, mesure moyenne \u00e0 pr\u00e9pond\u00e9rance centrale.<\/li>\n<li>Interpr\u00e9tation de la mesure de la lumi\u00e8re suivant la sc\u00e8ne \u00e0 photographier\u00a0: fort contraste, sc\u00e8nes de neige, objets sombres, objets lumineux.<\/li>\n<\/ul>\n<h4>Travaux pratiques<\/h4>\n<ul>\n<li>Contr\u00f4le de la profondeur de champ en variant les valeurs de l\u2019ouverture du diaphragme<\/li>\n<li>Contr\u00f4le de la vitesse d\u2019obturation (\u00e9viter le flou de boug\u00e9, figer le mouvement, effet de fil\u00e9, effet de flou de mouvement)<\/li>\n<li>Contr\u00f4le de la temp\u00e9rature de couleur (photographier une m\u00eame sc\u00e8ne en variant les valeurs de la temp\u00e9rature de couleur)<\/li>\n<li>Comparer les r\u00e9sultats sur ordinateur<\/li>\n<\/ul>\n<p>&nbsp;<\/p>\n<p style=\"text-align: center;\"><strong>Une question?<\/strong> <strong>\u00c9crivez-nous<\/strong> (voir adresse au bas de cette page)<\/p>\n","protected":false},"excerpt":{"rendered":"<p>Ce stage s&#8217;adresse aux personnes qui n&#8217;ont pas du tout ou tr\u00e8s peu de connaissances sur la photographie. Il d\u00e9crit les bases essentielles de la technique photographique en des termes simples, en s&#8217;appuyant sur des exemples clairs et faciles \u00e0&#8230; <a href=\"https:\/\/photoclub-puyloubier.org\/index.php\/initiation-a-la-photographie\/\" class=\"read-more\">Lire la suite&#8230;<\/a><\/p>\n","protected":false},"author":1,"featured_media":0,"parent":0,"menu_order":0,"comment_status":"closed","ping_status":"closed","template":"","meta":[],"_links":{"self":[{"href":"https:\/\/photoclub-puyloubier.org\/index.php\/wp-json\/wp\/v2\/pages\/320"}],"collection":[{"href":"https:\/\/photoclub-puyloubier.org\/index.php\/wp-json\/wp\/v2\/pages"}],"about":[{"href":"https:\/\/photoclub-puyloubier.org\/index.php\/wp-json\/wp\/v2\/types\/page"}],"author":[{"embeddable":true,"href":"https:\/\/photoclub-puyloubier.org\/index.php\/wp-json\/wp\/v2\/users\/1"}],"replies":[{"embeddable":true,"href":"https:\/\/photoclub-puyloubier.org\/index.php\/wp-json\/wp\/v2\/comments?post=320"}],"version-history":[{"count":12,"href":"https:\/\/photoclub-puyloubier.org\/index.php\/wp-json\/wp\/v2\/pages\/320\/revisions"}],"predecessor-version":[{"id":384,"href":"https:\/\/photoclub-puyloubier.org\/index.php\/wp-json\/wp\/v2\/pages\/320\/revisions\/384"}],"wp:attachment":[{"href":"https:\/\/photoclub-puyloubier.org\/index.php\/wp-json\/wp\/v2\/media?parent=320"}],"curies":[{"name":"wp","href":"https:\/\/api.w.org\/{rel}","templated":true}]}}