{"id":352,"date":"2018-09-13T13:47:34","date_gmt":"2018-09-13T11:47:34","guid":{"rendered":"http:\/\/photoclub-puyloubier.org\/?page_id=352"},"modified":"2018-09-14T10:46:27","modified_gmt":"2018-09-14T08:46:27","slug":"accueil","status":"publish","type":"page","link":"https:\/\/photoclub-puyloubier.org\/","title":{"rendered":"Accueil"},"content":{"rendered":"<h3 style=\"text-align: center;\">Bienvenue sur le site du Photo Club Puyloubier<\/h3>\n<p>Puyloubier est un village proven\u00e7al perch\u00e9 sur le flanc sud de la montagne Sainte-Victoire, tant de fois peinte par C\u00e9zanne.<\/p>\n<p>Le Photo Club Puyloubier existe depuis d\u00e9cembre 2012 sous la forme d&#8217;association loi 1901, d\u00e9clar\u00e9e \u00e0 la sous-pr\u00e9fecture d&#8217;Aix-en-Provence. Ses buts sont: &#8220;r\u00e9pandre et d\u00e9velopper le go\u00fbt de la photographie artistique ou scientifique ; rechercher par tous les moyens \u00e0 d\u00e9velopper le go\u00fbt et le sens de la photographie chez les enfants et les jeunes ; cr\u00e9er un mouvement \u00e9ducatif populaire prononc\u00e9 et accorder \u00e0 ses membres une large place au sein de l\u2019association en mettant \u00e0 leur disposition, dans la mesure des possibilit\u00e9s, le mat\u00e9riel et les locaux n\u00e9cessaires&#8221;.<\/p>\n<p>Pour commencer votre visite, cliquez sur le menu situ\u00e9 en haut et a gauche de votre \u00e9cran, ou alors dans celui sitiu\u00e9 en bas de cette page. Ne manquez pas de visiter notre <strong><a href=\"http:\/\/photoclub-puyloubier.org\/index.php\/blog\/\" target=\"_blank\" rel=\"noopener\">Blog <\/a><\/strong>pour consulter les dern\u00e8res nouvelles du Photo Club.<\/p>\n<p>N&#8217;h\u00e9sitez pas \u00e0 nous contacter par courriel si vous avez des questions ou si vous d\u00e9sirez des renseignements suppl\u00e9mentaires. Revenez souvent nous voir car notre site web \u00e9volue et de nouvelles informations y seront ajout\u00e9es r\u00e9guli\u00e8rement.<\/p>\n<p>Bonne visite, et \u00e0 bient\u00f4t&#8230;<\/p>\n","protected":false},"excerpt":{"rendered":"<p>Bienvenue sur le site du Photo Club Puyloubier Puyloubier est un village proven\u00e7al perch\u00e9 sur le flanc sud de la montagne Sainte-Victoire, tant de fois peinte par C\u00e9zanne. Le Photo Club Puyloubier existe depuis d\u00e9cembre 2012 sous la forme d&#8217;association&#8230; <a href=\"https:\/\/photoclub-puyloubier.org\/\" class=\"read-more\">Lire la suite&#8230;<\/a><\/p>\n","protected":false},"author":1,"featured_media":0,"parent":0,"menu_order":0,"comment_status":"closed","ping_status":"closed","template":"","meta":[],"_links":{"self":[{"href":"https:\/\/photoclub-puyloubier.org\/index.php\/wp-json\/wp\/v2\/pages\/352"}],"collection":[{"href":"https:\/\/photoclub-puyloubier.org\/index.php\/wp-json\/wp\/v2\/pages"}],"about":[{"href":"https:\/\/photoclub-puyloubier.org\/index.php\/wp-json\/wp\/v2\/types\/page"}],"author":[{"embeddable":true,"href":"https:\/\/photoclub-puyloubier.org\/index.php\/wp-json\/wp\/v2\/users\/1"}],"replies":[{"embeddable":true,"href":"https:\/\/photoclub-puyloubier.org\/index.php\/wp-json\/wp\/v2\/comments?post=352"}],"version-history":[{"count":7,"href":"https:\/\/photoclub-puyloubier.org\/index.php\/wp-json\/wp\/v2\/pages\/352\/revisions"}],"predecessor-version":[{"id":376,"href":"https:\/\/photoclub-puyloubier.org\/index.php\/wp-json\/wp\/v2\/pages\/352\/revisions\/376"}],"wp:attachment":[{"href":"https:\/\/photoclub-puyloubier.org\/index.php\/wp-json\/wp\/v2\/media?parent=352"}],"curies":[{"name":"wp","href":"https:\/\/api.w.org\/{rel}","templated":true}]}}