{"id":392,"date":"2018-09-18T19:23:13","date_gmt":"2018-09-18T17:23:13","guid":{"rendered":"http:\/\/photoclub-puyloubier.org\/?page_id=392"},"modified":"2020-03-01T11:45:49","modified_gmt":"2020-03-01T10:45:49","slug":"inscriptions","status":"publish","type":"page","link":"https:\/\/photoclub-puyloubier.org\/index.php\/inscriptions\/","title":{"rendered":"Inscriptions au Photo Club"},"content":{"rendered":"<p>Si vous \u00eates int\u00e9ress\u00e9(e) par nos activit\u00e9s vous pouvez adh\u00e9rer au Photo Club Puyloubier \u00e0 n&#8217;importe quel moment de l&#8217;ann\u00e9e. Le montant des cotisations sont les suivants:<\/p>\n<p style=\"text-align: center;\">Adolescents: 15,00 \u20ac anuels<br \/>\nAdultes: 25,00 \u20ac anuels<\/p>\n<p style=\"text-align: left;\">Les activit\u00e9s du Photo Club ne g\u00e9n\u00e8rent pas de frais suppl\u00e9mentaires au long de l&#8217;ann\u00e9e, exception faite de certains stages dict\u00e9s par des professionnels ext\u00e9rieurs au Photo Club, ou des frais de d\u00e9placement, repas et \u00e9ventuellement h\u00e9bergements, lors des sorties photographiques ou des stages d&#8217;une journ\u00e9e compl\u00e8te ou de plusieurs jours.<\/p>\n<p>Pour vous inscrire, remplissez tout d&#8217;abord le Formulaire de Pr\u00e9-inscription dont le lien se trouve ci-dessous. Nous vous contacterons d\u00e8s que possible. Si vous n&#8217;avez pas re\u00e7u de r\u00e9ponse dans les 7 jours, \u00e9crivez-nous un message (voir adresse au bas de cette page) en pr\u00e9cisant \u00e0 quelle date vous avez envoy\u00e9 votre formulaire de pr\u00e9-inscription.<\/p>\n<p>Tenez compte du fait que le Photo Club est ferm\u00e9 pendant les vacances scolaires (sauf pour les stages et quelques cours sp\u00e9ciaux) et que la r\u00e9ponse \u00e0 votre formulaire peut tarder plus de 7 jours \u00e0 vous parvenir.<\/p>\n<p style=\"text-align: center;\"><a href=\"https:\/\/webquest.fr\/?m=54962_formulaire-de-pre-inscription-du-photo-club-puyloubier\" target=\"_blank\" rel=\"noopener noreferrer\"><strong>Acc\u00e9der au Formulaire de Pr\u00e9-inscription<\/strong><\/a><br \/>\nLes champs marqu\u00e9s d&#8217;un ast\u00e9risque (*) doivent \u00eatre obligatoirement remplis<\/p>\n<p>Les donn\u00e9es que vous nous confiez ne sont ni c\u00e9d\u00e9es ni vendues, elle ne concernent que votre inscription et se trouvent cript\u00e9es dans un espace s\u00e9curis\u00e9 de Webquest.fr. Elles nous servent \u00e0 vous contacter en vue de votre \u00e9ventuelle inscription comme membre du Photo Club Puyloubier. Ces donn\u00e9es ne restent pas en ligne, elles sont effac\u00e9es d\u00e8s que nous en avons pris connaissance.<\/p>\n","protected":false},"excerpt":{"rendered":"<p>Si vous \u00eates int\u00e9ress\u00e9(e) par nos activit\u00e9s vous pouvez adh\u00e9rer au Photo Club Puyloubier \u00e0 n&#8217;importe quel moment de l&#8217;ann\u00e9e. Le montant des cotisations sont les suivants: Adolescents: 15,00 \u20ac anuels Adultes: 25,00 \u20ac anuels Les activit\u00e9s du Photo Club&#8230; <a href=\"https:\/\/photoclub-puyloubier.org\/index.php\/inscriptions\/\" class=\"read-more\">Lire la suite&#8230;<\/a><\/p>\n","protected":false},"author":1,"featured_media":0,"parent":0,"menu_order":0,"comment_status":"closed","ping_status":"closed","template":"","meta":[],"_links":{"self":[{"href":"https:\/\/photoclub-puyloubier.org\/index.php\/wp-json\/wp\/v2\/pages\/392"}],"collection":[{"href":"https:\/\/photoclub-puyloubier.org\/index.php\/wp-json\/wp\/v2\/pages"}],"about":[{"href":"https:\/\/photoclub-puyloubier.org\/index.php\/wp-json\/wp\/v2\/types\/page"}],"author":[{"embeddable":true,"href":"https:\/\/photoclub-puyloubier.org\/index.php\/wp-json\/wp\/v2\/users\/1"}],"replies":[{"embeddable":true,"href":"https:\/\/photoclub-puyloubier.org\/index.php\/wp-json\/wp\/v2\/comments?post=392"}],"version-history":[{"count":20,"href":"https:\/\/photoclub-puyloubier.org\/index.php\/wp-json\/wp\/v2\/pages\/392\/revisions"}],"predecessor-version":[{"id":473,"href":"https:\/\/photoclub-puyloubier.org\/index.php\/wp-json\/wp\/v2\/pages\/392\/revisions\/473"}],"wp:attachment":[{"href":"https:\/\/photoclub-puyloubier.org\/index.php\/wp-json\/wp\/v2\/media?parent=392"}],"curies":[{"name":"wp","href":"https:\/\/api.w.org\/{rel}","templated":true}]}}