{"id":8,"date":"2016-03-28T13:41:58","date_gmt":"2016-03-28T12:41:58","guid":{"rendered":"http:\/\/photoclub-puyloubier.org\/?page_id=8"},"modified":"2020-03-01T12:23:59","modified_gmt":"2020-03-01T11:23:59","slug":"presentation-du-photo-club-puyloubier","status":"publish","type":"page","link":"https:\/\/photoclub-puyloubier.org\/index.php\/presentation-du-photo-club-puyloubier\/","title":{"rendered":"Pr\u00e9sentation du Photo Club Puyloubier"},"content":{"rendered":"<div class=\"font_2\">\n<p><a href=\"http:\/\/photoclub-puyloubier.org\/wp-content\/uploads\/2018\/02\/b_1706-005.jpg\" target=\"_blank\" rel=\"noopener noreferrer\"><img loading=\"lazy\" class=\"alignleft wp-image-237 size-large\" title=\"Le groupe ados lors d'un cours de macro photographie\" src=\"https:\/\/photoclub-puyloubier.org\/wp-content\/uploads\/2018\/02\/b_1706-005-1200x800.jpg\" alt=\"\" width=\"640\" height=\"427\" srcset=\"https:\/\/photoclub-puyloubier.org\/wp-content\/uploads\/2018\/02\/b_1706-005-1200x800.jpg 1200w, https:\/\/photoclub-puyloubier.org\/wp-content\/uploads\/2018\/02\/b_1706-005-300x200.jpg 300w, https:\/\/photoclub-puyloubier.org\/wp-content\/uploads\/2018\/02\/b_1706-005.jpg 1620w\" sizes=\"(max-width: 640px) 100vw, 640px\" \/><\/a>Le Photo Club Puyloubier est n\u00e9 en d\u00e9cembre 2013, dans ce village proven\u00e7al accroch\u00e9 au flanc sud de la montagne Sainte-Victoire, tant de fois peinte par C\u00e9zanne. C&#8217;est une association selon la loi de 1901 d\u00e9clar\u00e9e \u00e0 la Sous-Pr\u00e9fecture d&#8217;Aix-en-Provence.<\/p>\n<div id=\"WRchTxt4g\" class=\"wysiwyg_viewer_skins_WRichTextNewSkintxtNew\">\n<p class=\"font_8\">Le Photo Club s&#8217;adresse aux adolescents et aux adultes \u00e0 travers diverses activit\u00e9s visant \u00e0 enseigner les bases techniques de la photographie num\u00e9rique ou argentique et, surtout, \u00e0 d\u00e9velopper le sens artistique de chacun de ses membres.<\/p>\n<p class=\"font_8\"><strong><span style=\"font-size: large;\"><i>Son but<\/i><\/span><\/strong><\/p>\n<p class=\"western\" lang=\"fr-FR\">Son but est de d\u00e9velopper parmi ses membres, le sens artistique dans la photographie quel qu\u2019en soit le genre (portrait, nature morte, reportage, paysages, photos de famille, entre autres), \u00e0 travers l\u2019apprentissage et la pratique de la technique de la prise de vues et du traitement des images, qu\u2019elles soient num\u00e9riques ou argentiques.<\/p>\n<p class=\"western\" lang=\"fr-FR\">Cet apprentissage et cette pratique se r\u00e9alisent par le biais de diverses activit\u00e9s que le Photo Club Puyloubier met en \u0153uvre tout au long de la saison.<\/p>\n<h3 class=\"western\" lang=\"fr-FR\"><i>Les activit\u00e9s<\/i><\/h3>\n<ul>\n<li>\n<p class=\"western\" lang=\"fr-FR\"><b>R\u00e9unions de critique photographique<\/b><\/p>\n<ul>\n<li>\n<p class=\"western\" lang=\"fr-FR\">autocritique de photos pr\u00e9sent\u00e9es par des membres, avec possibilit\u00e9 d&#8217;intervention d&#8217;autres membres du Club Photo si l&#8217;auteur de la photo le d\u00e9sire<\/p>\n<\/li>\n<li>\n<p class=\"western\" lang=\"fr-FR\">analyse de photos ou de tableaux d&#8217;artistes reconnus<\/p>\n<\/li>\n<li>\n<p class=\"western\" lang=\"fr-FR\">analyse de l&#8217;avancement des projets et activit\u00e9s en cours en vue de les am\u00e9liorer si besoin est<\/p>\n<\/li>\n<\/ul>\n<\/li>\n<li>\n<p class=\"western\" lang=\"fr-FR\"><b>Grands projets<\/b><br \/>\nC&#8217;est la r\u00e9alisation d&#8217;une \u0153uvre photographique du Club Photo en vue d&#8217;une manifestation sp\u00e9ciale: exposition, r\u00e9alisation d&#8217;un livre, r\u00e9alisation d&#8217;un documentaire en images, etc.<br \/>\nChaque projet est une r\u00e9alisation collective, sur des th\u00e8mes propos\u00e9s par les membres eux-m\u00eames, ou par les animateurs b\u00e9n\u00e9voles du Photo Club.<br \/>\nSuivant l\u2019importance du projet, il peut s\u2019\u00e9tendre dans la dur\u00e9e, mais chaque membre est libre d\u2019y adh\u00e9rer ou pas.<\/p>\n<\/li>\n<li>\n<p class=\"western\" lang=\"fr-FR\"><b><a href=\"http:\/\/photoclub-puyloubier.org\/wp-content\/uploads\/2016\/06\/AJP-PCP-1605-009.jpg\"><img loading=\"lazy\" class=\"alignright wp-image-152 size-large\" title=\"Exposition &quot;Ropcs et Rues&quot; au Moulin \u00e0 Huile de Puyloubier\" src=\"http:\/\/photoclub-puyloubier.org\/wp-content\/uploads\/2016\/06\/AJP-PCP-1605-009-1067x800.jpg\" alt=\"\" width=\"640\" height=\"480\" srcset=\"https:\/\/photoclub-puyloubier.org\/wp-content\/uploads\/2016\/06\/AJP-PCP-1605-009-1067x800.jpg 1067w, https:\/\/photoclub-puyloubier.org\/wp-content\/uploads\/2016\/06\/AJP-PCP-1605-009-300x225.jpg 300w, https:\/\/photoclub-puyloubier.org\/wp-content\/uploads\/2016\/06\/AJP-PCP-1605-009.jpg 1440w\" sizes=\"(max-width: 640px) 100vw, 640px\" \/><\/a>Des <\/b><b>stages<\/b><br \/>\nLes cours sont gratuits pour ses membres. Ils traitent en g\u00e9n\u00e9ral des sujets techniques et esth\u00e9tiques de l\u2019image, ainsi que le maniement des logiciels de traitement d\u2019image dont dispose le Photo Club et qui sont \u00e0 disposition de ses membres.<br \/>\nCes cours sont de dur\u00e9e variable, suivant le th\u00e8me abord\u00e9, et n\u2019ont pas de dates fixes. Ils sont programm\u00e9s en fonction des besoins techniques ou esth\u00e9tiques des participants:<\/p>\n<ul>\n<li>\n<p class=\"western\" lang=\"fr-FR\">Mini-stages de 1h30<\/p>\n<\/li>\n<li>\n<p class=\"western\" lang=\"fr-FR\">Stages de demi-journ\u00e9e en week-end<\/p>\n<\/li>\n<li>\n<p class=\"western\" lang=\"fr-FR\">Stages de journ\u00e9e compl\u00e8te en week-end<\/p>\n<\/li>\n<li>\n<p class=\"western\" lang=\"fr-FR\">Stages de 2 journ\u00e9es en week-end ou de plus de 2 journ\u00e9es en p\u00e9riode de vacances<\/p>\n<\/li>\n<\/ul>\n<\/li>\n<\/ul>\n<p class=\"western\" lang=\"fr-FR\">Ces stages n\u2019ont pas de dates fixes; ils sont programm\u00e9s dans le cours de la saison en fonction des besoins techniques ou esth\u00e9tiques des participants,<\/p>\n<ul>\n<li>\n<p class=\"western\" lang=\"fr-FR\"><b>Sorties photo<br \/>\n<\/b>Au moins 3 sorties photo seront programm\u00e9es au cours de la saison. Elles pourront durer une demi-journ\u00e9e ou une journ\u00e9e, et exceptionnellement, un weekend, suivant la nature des prises de vue \u00e0 r\u00e9aliser. Elles peuvent se r\u00e9aliser aussi bien dans le village et\/ou ses alentours, qu\u2019\u00e0 des sites \u00e9loign\u00e9s n\u00e9cessitant un d\u00e9placement. Les membres pourront en prendre connaissance environ 3 semaines \u00e0 l\u2019avance.<\/p>\n<\/li>\n<li>\n<p class=\"western\" lang=\"fr-FR\"><b>Expo<\/b><b>sitions<br \/>\n<\/b>Les travaux r\u00e9alis\u00e9s pendant la saison dans le cadre des stages ou des ateliers photo feront l&#8217;objet d&#8217;une exposition annuelle pour le groupe Adolescents et de deux expositions dans l\u2019ann\u00e9e pour le groupe des Adultes.<\/p>\n<\/li>\n<\/ul>\n<p class=\"western\" lang=\"fr-FR\">Vous pouvez venir nous voir au local du Photo Club (4, Ave. Francis M\u00e9ano \u2013 13114 PUYLOUBIER) apr\u00e8s avoir demand\u00e9 un rendez-vous en nous adressant un courriel (voir notre adresse en bas de cette page).<\/p>\n<p lang=\"fr-FR\">Si nos activit\u00e9s vous int\u00e9ressent vous pouvez vous inscrire en vous rendant \u00e0 la <a href=\"http:\/\/photoclub-puyloubier.org\/index.php\/inscriptions\/\" target=\"_blank\" rel=\"noopener noreferrer\"><strong>page d&#8217;inscriptions du site<\/strong><\/a>.<\/p>\n<\/div>\n<\/div>\n","protected":false},"excerpt":{"rendered":"<p>Le Photo Club Puyloubier est n\u00e9 en d\u00e9cembre 2013, dans ce village proven\u00e7al accroch\u00e9 au flanc sud de la montagne Sainte-Victoire, tant de fois peinte par C\u00e9zanne. C&#8217;est une association selon la loi de 1901 d\u00e9clar\u00e9e \u00e0 la Sous-Pr\u00e9fecture d&#8217;Aix-en-Provence&#8230;. <a href=\"https:\/\/photoclub-puyloubier.org\/index.php\/presentation-du-photo-club-puyloubier\/\" class=\"read-more\">Lire la suite&#8230;<\/a><\/p>\n","protected":false},"author":1,"featured_media":0,"parent":0,"menu_order":0,"comment_status":"closed","ping_status":"closed","template":"","meta":[],"_links":{"self":[{"href":"https:\/\/photoclub-puyloubier.org\/index.php\/wp-json\/wp\/v2\/pages\/8"}],"collection":[{"href":"https:\/\/photoclub-puyloubier.org\/index.php\/wp-json\/wp\/v2\/pages"}],"about":[{"href":"https:\/\/photoclub-puyloubier.org\/index.php\/wp-json\/wp\/v2\/types\/page"}],"author":[{"embeddable":true,"href":"https:\/\/photoclub-puyloubier.org\/index.php\/wp-json\/wp\/v2\/users\/1"}],"replies":[{"embeddable":true,"href":"https:\/\/photoclub-puyloubier.org\/index.php\/wp-json\/wp\/v2\/comments?post=8"}],"version-history":[{"count":13,"href":"https:\/\/photoclub-puyloubier.org\/index.php\/wp-json\/wp\/v2\/pages\/8\/revisions"}],"predecessor-version":[{"id":484,"href":"https:\/\/photoclub-puyloubier.org\/index.php\/wp-json\/wp\/v2\/pages\/8\/revisions\/484"}],"wp:attachment":[{"href":"https:\/\/photoclub-puyloubier.org\/index.php\/wp-json\/wp\/v2\/media?parent=8"}],"curies":[{"name":"wp","href":"https:\/\/api.w.org\/{rel}","templated":true}]}}